{"id":1322,"date":"2022-02-24T05:02:56","date_gmt":"2022-02-24T05:02:56","guid":{"rendered":"https:\/\/constanzagonzalezveliz.com\/index.php\/home\/"},"modified":"2025-04-30T18:28:49","modified_gmt":"2025-04-30T22:28:49","slug":"inicio","status":"publish","type":"page","link":"https:\/\/constanzagonzalezveliz.com\/en\/","title":{"rendered":"Home"},"content":{"rendered":"<div class=\"wp-block-uagb-container uagb-block-9ffe4238 alignfull uagb-is-root-container\"><div class=\"uagb-container-inner-blocks-wrap\">\n<div style=\"height:120px\" aria-hidden=\"true\" class=\"wp-block-spacer\"><\/div>\n<\/div><\/div>\n\n\n\n<div class=\"wp-block-uagb-container uag-hide-desktop uag-hide-tab uag-hide-mob uagb-block-4d47a4b4 alignfull uagb-is-root-container\"><div class=\"uagb-container-inner-blocks-wrap\">\n<div class=\"wp-block-uagb-container uagb-block-b87929db\">\n<div style=\"height:70px\" aria-hidden=\"true\" class=\"wp-block-spacer\"><\/div>\n\n\n\n<div class=\"wp-block-uagb-info-box uagb-block-3d7a5b95 uagb-infobox__content-wrap  uagb-infobox-icon-above-title uagb-infobox-image-valign-top\"><div class=\"uagb-ifb-content\"><div class=\"uagb-ifb-title-wrap\"><h3 class=\"uagb-ifb-title\"><strong>Constanza Gonz\u00e1lez-V\u00e9liz<\/strong><\/h3><\/div><p class=\"uagb-ifb-desc\">&#8230;<\/p><\/div><\/div>\n<\/div>\n\n\n\n<div class=\"wp-block-uagb-container uagb-block-3031ff57\">\n<div style=\"height:22px\" aria-hidden=\"true\" class=\"wp-block-spacer\"><\/div>\n\n\n\n<div class=\"wp-block-uagb-image aligncenter uagb-block-d1bc23a0 wp-block-uagb-image--layout-default wp-block-uagb-image--effect-static wp-block-uagb-image--align-center\"><figure class=\"wp-block-uagb-image__figure\"><img decoding=\"async\" srcset=\"https:\/\/constanzagonzalezveliz.com\/wp-content\/uploads\/2024\/10\/Constanza-Gonzalez-Veliz_Octubre_2024-768x1024.jpg ,https:\/\/constanzagonzalezveliz.com\/wp-content\/uploads\/2024\/10\/Constanza-Gonzalez-Veliz_Octubre_2024-scaled.jpg 780w, https:\/\/constanzagonzalezveliz.com\/wp-content\/uploads\/2024\/10\/Constanza-Gonzalez-Veliz_Octubre_2024-scaled.jpg 360w\" sizes=\"auto, (max-width: 480px) 150px\" src=\"https:\/\/constanzagonzalezveliz.com\/wp-content\/uploads\/2024\/10\/Constanza-Gonzalez-Veliz_Octubre_2024-768x1024.jpg\" alt=\"\" class=\"uag-image-2796\" width=\"768\" height=\"1024\" title=\"Constanza Gonz\u00e1lez-V\u00e9liz_Octubre_2024\" loading=\"lazy\" role=\"img\"\/><\/figure><\/div>\n\n\n\n<div style=\"height:22px\" aria-hidden=\"true\" class=\"wp-block-spacer\"><\/div>\n<\/div>\n<\/div><\/div>\n\n\n\n<div class=\"wp-block-uagb-container uagb-block-78a9f534 alignfull uagb-is-root-container\"><div class=\"uagb-container-inner-blocks-wrap\">\n<div class=\"wp-block-uagb-container uagb-block-43e0c626\">\n<div style=\"height:70px\" aria-hidden=\"true\" class=\"wp-block-spacer\"><\/div>\n\n\n\n<div class=\"wp-block-uagb-info-box uagb-block-b7f6bf54 uagb-infobox__content-wrap  uagb-infobox-icon-above-title uagb-infobox-image-valign-top\"><div class=\"uagb-ifb-content\"><div class=\"uagb-ifb-title-wrap\"><h3 class=\"uagb-ifb-title\"><strong>Constanza Gonz\u00e1lez-V\u00e9liz<\/strong><\/h3><\/div><p class=\"uagb-ifb-desc\">Soy investigadora en <em><a href=\"https:\/\/situada.online\/en\/\" data-type=\"link\" data-id=\"https:\/\/situada.online\/\"><strong>Situada Online<\/strong><\/a><\/em>, un espacio colectivo que busca pensar y trabajar desde una perspectiva feminista latinoamericana sobre mujeres, ciencia y tecnolog\u00eda. All\u00ed desarrollo proyectos vinculados a la participaci\u00f3n de mujeres en estos campos, los sesgos de g\u00e9nero y el acceso justo al conocimiento. En colaboraci\u00f3n con otras iniciativas, tambi\u00e9n abordamos la violencia digital desde una mirada cr\u00edtica.<br><br>Actualmente curso un doctorado en Ciencias, donde estudio temas ambientales relacionados con la salud de los bosques. Esta experiencia ha fortalecido mi inter\u00e9s por comprender c\u00f3mo se produce el conocimiento cient\u00edfico, qui\u00e9nes lo producen, con qu\u00e9 tecnolog\u00edas y bajo qu\u00e9 condiciones. Me interesa especialmente c\u00f3mo estas tecnolog\u00edas \u2014o su ausencia\u2014 afectan la posibilidad de investigar fen\u00f3menos relevantes en contextos del Sur Global.<br><br>Mi enfoque se sostiene en la investigaci\u00f3n situada, lo que significa <strong>reconocer que todo saber se construye desde un lugar espec\u00edfico \u2014geogr\u00e1fico, pol\u00edtico y corporal\u2014, y que esa ubicaci\u00f3n importa<\/strong>. Trabajo en el cruce entre las ciencias sociales y las ciencias naturales, con la convicci\u00f3n de que necesitamos tecnolog\u00edas m\u00e1s responsables, espacios cient\u00edficos m\u00e1s diversos y formas de conocimiento que respondan a las urgencias sociales y ecol\u00f3gicas de nuestros territorios.<br><br>Desde Situada, colaboro con investigadoras, organizaciones e iniciativas que apuestan por transformar la manera en que entendemos y usamos la tecnolog\u00eda, siempre con una mirada cr\u00edtica, comprometida y colectiva.<br><\/p><\/div><\/div>\n\n\n\n<div style=\"height:70px\" aria-hidden=\"true\" class=\"wp-block-spacer\"><\/div>\n<\/div>\n<\/div><\/div>\n\n\n\n<div class=\"wp-block-uagb-container uagb-block-05a4a518 alignfull uagb-is-root-container\"><div class=\"uagb-container-inner-blocks-wrap\">\n<div class=\"wp-block-uagb-info-box uagb-block-9a97965e uagb-infobox__content-wrap  uagb-infobox-icon-above-title uagb-infobox-image-valign-top\"><div class=\"uagb-ifb-content\"><div class=\"uagb-ifb-title-wrap\"><h1 class=\"uagb-ifb-title\">situada.online<\/h1><\/div><p class=\"uagb-ifb-desc\">From a critical perspective, we explore and question the power dynamics in technology in Latin America and the Caribbean, seeking to transform them towards a more socially just world.<\/p><div class=\"uagb-ifb-button-wrapper wp-block-button\"><a href=\"https:\/\/situada.online\/en\/\" class=\"uagb-infobox-cta-link wp-block-button__link\" target=\"_blank\" rel=\"noopener noreferrer\" onclick=\"return true;\"><span class=\"uagb-inline-editing\">Read More<\/span><svg xmlns=\"https:\/\/www.w3.org\/2000\/svg\" viewbox=\"0 0 448 512\"><path d=\"M438.6 278.6l-160 160C272.4 444.9 264.2 448 256 448s-16.38-3.125-22.62-9.375c-12.5-12.5-12.5-32.75 0-45.25L338.8 288H32C14.33 288 .0016 273.7 .0016 256S14.33 224 32 224h306.8l-105.4-105.4c-12.5-12.5-12.5-32.75 0-45.25s32.75-12.5 45.25 0l160 160C451.1 245.9 451.1 266.1 438.6 278.6z\"><\/path><\/svg><\/a><\/div><\/div><\/div>\n<\/div><\/div>","protected":false},"excerpt":{"rendered":"","protected":false},"author":1,"featured_media":0,"parent":0,"menu_order":0,"comment_status":"closed","ping_status":"closed","template":"","meta":{"_uag_custom_page_level_css":"","site-sidebar-layout":"no-sidebar","site-content-layout":"page-builder","ast-site-content-layout":"full-width-container","site-content-style":"unboxed","site-sidebar-style":"unboxed","ast-global-header-display":"","ast-banner-title-visibility":"","ast-main-header-display":"","ast-hfb-above-header-display":"","ast-hfb-below-header-display":"","ast-hfb-mobile-header-display":"","site-post-title":"disabled","ast-breadcrumbs-content":"","ast-featured-img":"disabled","footer-sml-layout":"","theme-transparent-header-meta":"enabled","adv-header-id-meta":"","stick-header-meta":"","header-above-stick-meta":"","header-main-stick-meta":"","header-below-stick-meta":"","astra-migrate-meta-layouts":"set","ast-page-background-enabled":"default","ast-page-background-meta":{"desktop":{"background-color":"var(--ast-global-color-4)","background-image":"","background-repeat":"repeat","background-position":"center center","background-size":"auto","background-attachment":"scroll","background-type":"","background-media":"","overlay-type":"","overlay-color":"","overlay-opacity":"","overlay-gradient":""},"tablet":{"background-color":"","background-image":"","background-repeat":"repeat","background-position":"center center","background-size":"auto","background-attachment":"scroll","background-type":"","background-media":"","overlay-type":"","overlay-color":"","overlay-opacity":"","overlay-gradient":""},"mobile":{"background-color":"","background-image":"","background-repeat":"repeat","background-position":"center center","background-size":"auto","background-attachment":"scroll","background-type":"","background-media":"","overlay-type":"","overlay-color":"","overlay-opacity":"","overlay-gradient":""}},"ast-content-background-meta":{"desktop":{"background-color":"var(--ast-global-color-5)","background-image":"","background-repeat":"repeat","background-position":"center center","background-size":"auto","background-attachment":"scroll","background-type":"","background-media":"","overlay-type":"","overlay-color":"","overlay-opacity":"","overlay-gradient":""},"tablet":{"background-color":"var(--ast-global-color-5)","background-image":"","background-repeat":"repeat","background-position":"center center","background-size":"auto","background-attachment":"scroll","background-type":"","background-media":"","overlay-type":"","overlay-color":"","overlay-opacity":"","overlay-gradient":""},"mobile":{"background-color":"var(--ast-global-color-5)","background-image":"","background-repeat":"repeat","background-position":"center center","background-size":"auto","background-attachment":"scroll","background-type":"","background-media":"","overlay-type":"","overlay-color":"","overlay-opacity":"","overlay-gradient":""}},"footnotes":""},"class_list":["post-1322","page","type-page","status-publish","hentry"],"uagb_featured_image_src":{"full":false,"thumbnail":false,"medium":false,"medium_large":false,"large":false,"1536x1536":false,"2048x2048":false,"trp-custom-language-flag":false},"uagb_author_info":{"display_name":"constanza.gonzalezveliz@gmail.com","author_link":"https:\/\/constanzagonzalezveliz.com\/en\/author\/constanza-gonzalezvelizgmail-com\/"},"uagb_comment_info":0,"uagb_excerpt":null,"_links":{"self":[{"href":"https:\/\/constanzagonzalezveliz.com\/en\/wp-json\/wp\/v2\/pages\/1322","targetHints":{"allow":["GET"]}}],"collection":[{"href":"https:\/\/constanzagonzalezveliz.com\/en\/wp-json\/wp\/v2\/pages"}],"about":[{"href":"https:\/\/constanzagonzalezveliz.com\/en\/wp-json\/wp\/v2\/types\/page"}],"author":[{"embeddable":true,"href":"https:\/\/constanzagonzalezveliz.com\/en\/wp-json\/wp\/v2\/users\/1"}],"replies":[{"embeddable":true,"href":"https:\/\/constanzagonzalezveliz.com\/en\/wp-json\/wp\/v2\/comments?post=1322"}],"version-history":[{"count":132,"href":"https:\/\/constanzagonzalezveliz.com\/en\/wp-json\/wp\/v2\/pages\/1322\/revisions"}],"predecessor-version":[{"id":2821,"href":"https:\/\/constanzagonzalezveliz.com\/en\/wp-json\/wp\/v2\/pages\/1322\/revisions\/2821"}],"wp:attachment":[{"href":"https:\/\/constanzagonzalezveliz.com\/en\/wp-json\/wp\/v2\/media?parent=1322"}],"curies":[{"name":"wp","href":"https:\/\/api.w.org\/{rel}","templated":true}]}}