{"id":1324,"date":"2022-02-24T05:03:32","date_gmt":"2022-02-24T05:03:32","guid":{"rendered":"https:\/\/constanzagonzalezveliz.com\/index.php\/about\/"},"modified":"2024-12-17T16:13:53","modified_gmt":"2024-12-17T19:13:53","slug":"publicaciones","status":"publish","type":"page","link":"https:\/\/constanzagonzalezveliz.com\/en\/publicaciones\/","title":{"rendered":"Publications"},"content":{"rendered":"<div class=\"wp-block-uagb-container uagb-block-9ffe4238 alignfull uagb-is-root-container\"><div class=\"uagb-container-inner-blocks-wrap\">\n<div style=\"height:120px\" aria-hidden=\"true\" class=\"wp-block-spacer\"><\/div>\n<\/div><\/div>\n\n\n\n<div class=\"wp-block-uagb-container uagb-block-92a50412 alignfull uagb-is-root-container\"><div class=\"uagb-container-inner-blocks-wrap\">\n<div style=\"height:50px\" aria-hidden=\"true\" class=\"wp-block-spacer\"><\/div>\n\n\n\n<div class=\"wp-block-uagb-advanced-heading uagb-block-555f6896\"><h2 class=\"uagb-heading-text\">Publications<\/h2><div class=\"uagb-separator\"><\/div><\/div>\n\n\n\n<div style=\"height:25px\" aria-hidden=\"true\" class=\"wp-block-spacer\"><\/div>\n\n\n\n<div class=\"wp-block-uagb-container uagb-block-2d4188f9\">\n<div class=\"wp-block-uagb-info-box uagb-block-0f038862 uagb-infobox__content-wrap  uagb-infobox-icon-left uagb-infobox-left uagb-infobox-stacked-tablet uagb-infobox-image-valign-top\"><div class=\"uagb-ifb-icon-wrap\"><svg xmlns=\"https:\/\/www.w3.org\/2000\/svg\" viewbox=\"0 0 512 512\"><path d=\"M0 256C0 114.6 114.6 0 256 0C397.4 0 512 114.6 512 256C512 397.4 397.4 512 256 512C114.6 512 0 397.4 0 256zM371.8 211.8C382.7 200.9 382.7 183.1 371.8 172.2C360.9 161.3 343.1 161.3 332.2 172.2L224 280.4L179.8 236.2C168.9 225.3 151.1 225.3 140.2 236.2C129.3 247.1 129.3 264.9 140.2 275.8L204.2 339.8C215.1 350.7 232.9 350.7 243.8 339.8L371.8 211.8z\"><\/path><\/svg><\/div><div class=\"uagb-ifb-content\"><div class=\"uagb-ifb-title-wrap\"><h3 class=\"uagb-ifb-title\">Gonz\u00e1lez-V\u00e9liz, C. (2024). Social Movements and Digital Appropriation in Latin American and the Caribbean.\u00a0<em>Revista Lus\u00f3fona De Estudos Culturais<\/em>,\u00a0<em>11<\/em>(2), e024018. <a href=\"https:\/\/rlec.pt\/index.php\/rlec\/article\/view\/5750\/6953\">https:\/\/doi.org\/10.21814\/rlec.5750<\/a> <\/h3><\/div><p class=\"uagb-ifb-desc\"><a href=\"https:\/\/rlec.pt\/index.php\/rlec\/article\/view\/5750\/6953\" data-type=\"link\" data-id=\"https:\/\/rlec.pt\/index.php\/rlec\/article\/view\/5750\/6953\" target=\"_blank\" rel=\"noreferrer noopener\">Vers\u00e3o portuguesa<\/a>: <em>Movimentos Sociais e Apropria\u00e7\u00e3o Digital na Am\u00e9rica Latina e nas Cara\u00edbas<\/em><\/p><\/div><\/div>\n\n\n\n<div class=\"wp-block-uagb-info-box uagb-block-4bae0add uagb-infobox__content-wrap  uagb-infobox-icon-left uagb-infobox-left uagb-infobox-stacked-tablet uagb-infobox-image-valign-top\"><div class=\"uagb-ifb-icon-wrap\"><svg xmlns=\"https:\/\/www.w3.org\/2000\/svg\" viewbox=\"0 0 512 512\"><path d=\"M0 256C0 114.6 114.6 0 256 0C397.4 0 512 114.6 512 256C512 397.4 397.4 512 256 512C114.6 512 0 397.4 0 256zM371.8 211.8C382.7 200.9 382.7 183.1 371.8 172.2C360.9 161.3 343.1 161.3 332.2 172.2L224 280.4L179.8 236.2C168.9 225.3 151.1 225.3 140.2 236.2C129.3 247.1 129.3 264.9 140.2 275.8L204.2 339.8C215.1 350.7 232.9 350.7 243.8 339.8L371.8 211.8z\"><\/path><\/svg><\/div><div class=\"uagb-ifb-content\"><div class=\"uagb-ifb-title-wrap\"><h3 class=\"uagb-ifb-title\">Gonz\u00e1lez-V\u00e9liz, C. y Cuzcano-Chavez, X. (2024). Desaf\u00edos y dimensiones de la desinformaci\u00f3n en ALAC: deepfakes y la urgencia de proteger los derechos de las mujeres. <em>Revista Espacio I+D, Innovaci\u00f3n m\u00e1s Desarrollo<\/em>, 13(36), pp. 162-175. <a href=\"https:\/\/www.espacioimasd.unach.mx\/index.php\/Inicio\/article\/view\/392\" target=\"_blank\" rel=\"noreferrer noopener\">https:\/\/www.espacioimasd.unach.mx\/index.php\/Inicio\/article\/view\/392<\/a> <\/h3><\/div><p class=\"uagb-ifb-desc\"><a href=\"https:\/\/drive.google.com\/file\/d\/1LSJY4IM5YQAMovkPLScN1qr-9sivS9Cs\/view\" target=\"_blank\" rel=\"noreferrer noopener\">English version<\/a>: <em>Challenges and Dimensions of Disinformation in LAC: Deepfakes and the Urgency to Protect Women&#8217;s Rights.<\/em><\/p><\/div><\/div>\n\n\n\n<div class=\"wp-block-uagb-info-box uagb-block-02bae9a3 uagb-infobox__content-wrap  uagb-infobox-icon-left uagb-infobox-left uagb-infobox-stacked-tablet uagb-infobox-image-valign-top\"><div class=\"uagb-ifb-icon-wrap\"><svg xmlns=\"https:\/\/www.w3.org\/2000\/svg\" viewbox=\"0 0 512 512\"><path d=\"M0 256C0 114.6 114.6 0 256 0C397.4 0 512 114.6 512 256C512 397.4 397.4 512 256 512C114.6 512 0 397.4 0 256zM371.8 211.8C382.7 200.9 382.7 183.1 371.8 172.2C360.9 161.3 343.1 161.3 332.2 172.2L224 280.4L179.8 236.2C168.9 225.3 151.1 225.3 140.2 236.2C129.3 247.1 129.3 264.9 140.2 275.8L204.2 339.8C215.1 350.7 232.9 350.7 243.8 339.8L371.8 211.8z\"><\/path><\/svg><\/div><div class=\"uagb-ifb-content\"><div class=\"uagb-ifb-title-wrap\"><h3 class=\"uagb-ifb-title\">Gonz\u00e1lez-V\u00e9liz, C. y de Andr\u00e9s del Campo, S. (2023). Corrientes del ciberfeminismo y transici\u00f3n digital feminista en Am\u00e9rica Latina y el Caribe: hacia un futuro digital m\u00e1s equitativo.&nbsp;<em>Revista Punto G\u00e9nero<\/em>, (20), pp. 31\u201361.<br><a href=\"https:\/\/revistapuntogenero.uchile.cl\/index.php\/RPG\/article\/view\/73459\" target=\"_blank\" rel=\"noreferrer noopener\">https:\/\/doi.org\/10.5354\/2735-7473.2023.73459<\/a><\/h3><\/div><p class=\"uagb-ifb-desc\"><a href=\"https:\/\/drive.google.com\/file\/d\/1Kwbepfk24siWzYKQWCsPwbjC41pF7EaB\/view\" data-type=\"URL\" data-id=\"https:\/\/drive.google.com\/file\/d\/1Kwbepfk24siWzYKQWCsPwbjC41pF7EaB\/view\" target=\"_blank\" rel=\"noreferrer noopener\">English version<\/a>: <em>Currents of cyberfeminism and feminist digital transition in Latin America and the Caribbean: Towards a more equitable digital future.<\/em><\/p><\/div><\/div>\n\n\n\n<div class=\"wp-block-uagb-info-box uagb-block-52b5c1bb uagb-infobox__content-wrap  uagb-infobox-icon-left uagb-infobox-left uagb-infobox-stacked-tablet uagb-infobox-image-valign-top\"><div class=\"uagb-ifb-icon-wrap\"><svg xmlns=\"https:\/\/www.w3.org\/2000\/svg\" viewbox=\"0 0 512 512\"><path d=\"M0 256C0 114.6 114.6 0 256 0C397.4 0 512 114.6 512 256C512 397.4 397.4 512 256 512C114.6 512 0 397.4 0 256zM371.8 211.8C382.7 200.9 382.7 183.1 371.8 172.2C360.9 161.3 343.1 161.3 332.2 172.2L224 280.4L179.8 236.2C168.9 225.3 151.1 225.3 140.2 236.2C129.3 247.1 129.3 264.9 140.2 275.8L204.2 339.8C215.1 350.7 232.9 350.7 243.8 339.8L371.8 211.8z\"><\/path><\/svg><\/div><div class=\"uagb-ifb-content\"><div class=\"uagb-ifb-title-wrap\"><h3 class=\"uagb-ifb-title\">Gonz\u00e1lez-V\u00e9liz, C. y de Andr\u00e9s del Campo, S. (2023). Comunes digitales, ciberfeminismo y ciencia abierta: estrategias para la igualdad de g\u00e9nero en el entorno digital. <em>Hipertext.net<\/em>, (27), pp. 67-79. <a href=\"https:\/\/doi.org\/10.31009\/hipertext.net.2023.i27.07\" target=\"_blank\" rel=\"noreferrer noopener\">https:\/\/doi.org\/10.31009\/hipertext.net.2023.i27.07<\/a><\/h3><\/div><p class=\"uagb-ifb-desc\"><a href=\"https:\/\/drive.google.com\/file\/d\/1TSZ7BwxoH15LFDL7JvwzOjmnuqiUH9uz\/view\" data-type=\"URL\" data-id=\"https:\/\/drive.google.com\/file\/d\/1TSZ7BwxoH15LFDL7JvwzOjmnuqiUH9uz\/view\" target=\"_blank\" rel=\"noreferrer noopener\">English version<\/a>: <em>Digital Commons, Cyberfeminism and Open Science: Strategies for Gender Equality in the Digital Sphere<\/em>.<\/p><\/div><\/div>\n<\/div>\n\n\n\n<div style=\"height:50px\" aria-hidden=\"true\" class=\"wp-block-spacer\"><\/div>\n<\/div><\/div>\n\n\n\n<div class=\"wp-block-uagb-container uagb-block-44ce2db8 alignfull uagb-is-root-container\"><div class=\"uagb-container-inner-blocks-wrap\">\n<div style=\"height:100px\" aria-hidden=\"true\" class=\"wp-block-spacer\"><\/div>\n\n\n\n<div class=\"wp-block-uagb-advanced-heading uagb-block-01a1ab74\"><h2 class=\"uagb-heading-text\">Blog<\/h2><div class=\"uagb-separator\"><\/div><\/div>\n\n\n\n<div class=\"wp-block-uagb-container uagb-block-e027e62a alignfull uagb-is-root-container\"><div class=\"uagb-container-inner-blocks-wrap\">\n<div class=\"wp-block-uagb-container uagb-block-f89cb99e\">\n<div class=\"wp-block-uagb-info-box uagb-block-f6733934 uagb-infobox__content-wrap  uagb-infobox-icon-above-title uagb-infobox-image-valign-top\"><div class=\"uagb-ifb-content\"><div class=\"uagb-ifb-title-wrap\"><\/div><p class=\"uagb-ifb-desc\">Blog as part of the <a href=\"https:\/\/situada.online\/rompamoselcodigo\/\" data-type=\"link\" data-id=\"https:\/\/situada.online\/rompamoselcodigo\/\" target=\"_blank\" rel=\"noreferrer noopener\">#RompamosElCodigo<\/a> Digital Violence campaign by <a href=\"https:\/\/situada.online\/en\/\" data-type=\"link\" data-id=\"https:\/\/situada.online\/\" target=\"_blank\" rel=\"noreferrer noopener\">Situada.Online<\/a>. It offers an in-depth look at technological justice and gender equity in the digital environment. Through reflections, research, and experiences, it addresses current challenges and proposes approaches to building a more inclusive and safe future, focusing on Latin America and the Caribbean.<\/p><div class=\"uagb-ifb-button-wrapper wp-block-button\"><a href=\"https:\/\/situada.online\/author\/constanza-gonzalez-veliz\/\" class=\"uagb-infobox-cta-link wp-block-button__link\" target=\"_blank\" rel=\"noopener noreferrer\" onclick=\"return true;\"><span class=\"uagb-inline-editing\">Read more<\/span><svg xmlns=\"https:\/\/www.w3.org\/2000\/svg\" viewbox=\"0 0 512 512\"><path d=\"M504.3 273.6l-112.1 104c-6.992 6.484-17.18 8.218-25.94 4.406c-8.758-3.812-14.42-12.45-14.42-21.1L351.9 288H32C14.33 288 .0002 273.7 .0002 255.1S14.33 224 32 224h319.9l0-72c0-9.547 5.66-18.19 14.42-22c8.754-3.809 18.95-2.075 25.94 4.41l112.1 104C514.6 247.9 514.6 264.1 504.3 273.6z\"><\/path><\/svg><\/a><\/div><\/div><\/div>\n<\/div>\n\n\n\n<div class=\"wp-block-uagb-container uagb-block-7737ed0c\">\n<figure class=\"wp-block-image aligncenter size-large is-resized\"><img loading=\"lazy\" decoding=\"async\" width=\"1024\" height=\"1024\" src=\"https:\/\/constanzagonzalezveliz.com\/wp-content\/uploads\/2024\/09\/RompamosElCodigo-1024x1024.png\" alt=\"\" class=\"wp-image-2695\" style=\"width:300px;height:auto\" srcset=\"https:\/\/constanzagonzalezveliz.com\/wp-content\/uploads\/2024\/09\/RompamosElCodigo-1024x1024.png 1024w, https:\/\/constanzagonzalezveliz.com\/wp-content\/uploads\/2024\/09\/RompamosElCodigo-300x300.png 300w, https:\/\/constanzagonzalezveliz.com\/wp-content\/uploads\/2024\/09\/RompamosElCodigo-150x150.png 150w, https:\/\/constanzagonzalezveliz.com\/wp-content\/uploads\/2024\/09\/RompamosElCodigo-768x768.png 768w, https:\/\/constanzagonzalezveliz.com\/wp-content\/uploads\/2024\/09\/RompamosElCodigo-12x12.png 12w, https:\/\/constanzagonzalezveliz.com\/wp-content\/uploads\/2024\/09\/RompamosElCodigo.png 1080w\" sizes=\"auto, (max-width: 1024px) 100vw, 1024px\" \/><\/figure>\n<\/div>\n<\/div><\/div>\n\n\n\n<div class=\"wp-block-uagb-separator uagb-block-bb2a3b79\"><div class=\"uagb-separator-spacing-wrapper\"><div class=\"wp-block-uagb-separator__inner\" style=\"--my-background-image:url(&quot;data:image\/svg+xml,%3Csvg width='16' height='16' viewBox='0 0 16 16' fill='none' xmlns='http:\/\/www.w3.org\/2000\/svg'%3E%3Cpath d='M6.29312 16.9999L17 6.29302M14.2931 16.9999L17 14.293M-0.707031 15.9999L16.0002 -0.707153M8.00017 -0.707153L-0.706882 7.9999' stroke='black'\/%3E%3C\/svg%3E&quot;)\"><\/div><\/div><\/div>\n\n\n\n<div class=\"wp-block-uagb-advanced-heading uagb-block-013290fc\"><h2 class=\"uagb-heading-text\">Columns<\/h2><div class=\"uagb-separator\"><\/div><\/div>\n\n\n\n<div class=\"wp-block-uagb-info-box uagb-block-21b12601 uagb-infobox__content-wrap  uagb-infobox-icon-left uagb-infobox-left uagb-infobox-stacked-tablet uagb-infobox-image-valign-top\"><div class=\"uagb-ifb-icon-wrap\"><svg xmlns=\"https:\/\/www.w3.org\/2000\/svg\" viewbox=\"0 0 512 512\"><path d=\"M0 256C0 114.6 114.6 0 256 0C397.4 0 512 114.6 512 256C512 397.4 397.4 512 256 512C114.6 512 0 397.4 0 256zM371.8 211.8C382.7 200.9 382.7 183.1 371.8 172.2C360.9 161.3 343.1 161.3 332.2 172.2L224 280.4L179.8 236.2C168.9 225.3 151.1 225.3 140.2 236.2C129.3 247.1 129.3 264.9 140.2 275.8L204.2 339.8C215.1 350.7 232.9 350.7 243.8 339.8L371.8 211.8z\"><\/path><\/svg><\/div><div class=\"uagb-ifb-content\"><div class=\"uagb-ifb-title-wrap\"><h3 class=\"uagb-ifb-title\">The digital commons in Chile<\/h3><\/div><p class=\"uagb-ifb-desc\">In addition to being the first joint Constitution, Chile would be the first Magna Carta in Latin America to promote a democratic management model of technology and digital information.<\/p><div class=\"uagb-ifb-button-wrapper wp-block-button\"><a href=\"https:\/\/www.opendemocracy.net\/es\/comunes-digitales-chile\/\" target=\"_blank\" onclick=\"return true;\" class=\"uagb-infobox-cta-link\" rel=\"noopener noreferrer\"><span class=\"uagb-inline-editing\">Read more<\/span><svg xmlns=\"https:\/\/www.w3.org\/2000\/svg\" viewbox=\"0 0 512 512\"><path d=\"M504.3 273.6l-112.1 104c-6.992 6.484-17.18 8.218-25.94 4.406c-8.758-3.812-14.42-12.45-14.42-21.1L351.9 288H32C14.33 288 .0002 273.7 .0002 255.1S14.33 224 32 224h319.9l0-72c0-9.547 5.66-18.19 14.42-22c8.754-3.809 18.95-2.075 25.94 4.41l112.1 104C514.6 247.9 514.6 264.1 504.3 273.6z\"><\/path><\/svg><\/a><\/div><\/div><\/div>\n\n\n\n<div class=\"wp-block-uagb-info-box uagb-block-84bc548b uagb-infobox__content-wrap  uagb-infobox-icon-left uagb-infobox-left uagb-infobox-stacked-tablet uagb-infobox-image-valign-top\"><div class=\"uagb-ifb-icon-wrap\"><svg xmlns=\"https:\/\/www.w3.org\/2000\/svg\" viewbox=\"0 0 512 512\"><path d=\"M0 256C0 114.6 114.6 0 256 0C397.4 0 512 114.6 512 256C512 397.4 397.4 512 256 512C114.6 512 0 397.4 0 256zM371.8 211.8C382.7 200.9 382.7 183.1 371.8 172.2C360.9 161.3 343.1 161.3 332.2 172.2L224 280.4L179.8 236.2C168.9 225.3 151.1 225.3 140.2 236.2C129.3 247.1 129.3 264.9 140.2 275.8L204.2 339.8C215.1 350.7 232.9 350.7 243.8 339.8L371.8 211.8z\"><\/path><\/svg><\/div><div class=\"uagb-ifb-content\"><div class=\"uagb-ifb-title-wrap\"><h3 class=\"uagb-ifb-title\">Digital Commons: Convention will vote on the rule on Digital Rights this Wednesday<\/h3><\/div><p class=\"uagb-ifb-desc\"><em>This standard represents a desire for a digital world shaped democratically, recognizing that digital information has infinite possibilities, so it must be free and open.<\/em><\/p><div class=\"uagb-ifb-button-wrapper wp-block-button\"><a href=\"https:\/\/www.elciudadano.com\/chile\/comunes-digitales-convencion-votara-norma-sobre-los-derechos-digitales-este-miercoles\/04\/18\/\" target=\"_blank\" onclick=\"return true;\" class=\"uagb-infobox-cta-link\" rel=\"noopener noreferrer\"><span class=\"uagb-inline-editing\">Read more<\/span><svg xmlns=\"https:\/\/www.w3.org\/2000\/svg\" viewbox=\"0 0 512 512\"><path d=\"M504.3 273.6l-112.1 104c-6.992 6.484-17.18 8.218-25.94 4.406c-8.758-3.812-14.42-12.45-14.42-21.1L351.9 288H32C14.33 288 .0002 273.7 .0002 255.1S14.33 224 32 224h319.9l0-72c0-9.547 5.66-18.19 14.42-22c8.754-3.809 18.95-2.075 25.94 4.41l112.1 104C514.6 247.9 514.6 264.1 504.3 273.6z\"><\/path><\/svg><\/a><\/div><\/div><\/div>\n\n\n\n<div class=\"wp-block-uagb-separator uagb-block-4860e2c1\"><div class=\"uagb-separator-spacing-wrapper\"><div class=\"wp-block-uagb-separator__inner\" style=\"--my-background-image:\"><\/div><\/div><\/div>\n<\/div><\/div>","protected":false},"excerpt":{"rendered":"<p>Publicaciones Blog Columnas<\/p>","protected":false},"author":1,"featured_media":0,"parent":0,"menu_order":0,"comment_status":"closed","ping_status":"closed","template":"","meta":{"_uag_custom_page_level_css":"","site-sidebar-layout":"no-sidebar","site-content-layout":"page-builder","ast-site-content-layout":"full-width-container","site-content-style":"unboxed","site-sidebar-style":"default","ast-global-header-display":"","ast-banner-title-visibility":"","ast-main-header-display":"","ast-hfb-above-header-display":"","ast-hfb-below-header-display":"","ast-hfb-mobile-header-display":"","site-post-title":"disabled","ast-breadcrumbs-content":"","ast-featured-img":"disabled","footer-sml-layout":"","theme-transparent-header-meta":"enabled","adv-header-id-meta":"","stick-header-meta":"","header-above-stick-meta":"","header-main-stick-meta":"","header-below-stick-meta":"","astra-migrate-meta-layouts":"set","ast-page-background-enabled":"default","ast-page-background-meta":{"desktop":{"background-color":"var(--ast-global-color-4)","background-image":"","background-repeat":"repeat","background-position":"center center","background-size":"auto","background-attachment":"scroll","background-type":"","background-media":"","overlay-type":"","overlay-color":"","overlay-opacity":"","overlay-gradient":""},"tablet":{"background-color":"","background-image":"","background-repeat":"repeat","background-position":"center center","background-size":"auto","background-attachment":"scroll","background-type":"","background-media":"","overlay-type":"","overlay-color":"","overlay-opacity":"","overlay-gradient":""},"mobile":{"background-color":"","background-image":"","background-repeat":"repeat","background-position":"center center","background-size":"auto","background-attachment":"scroll","background-type":"","background-media":"","overlay-type":"","overlay-color":"","overlay-opacity":"","overlay-gradient":""}},"ast-content-background-meta":{"desktop":{"background-color":"var(--ast-global-color-5)","background-image":"","background-repeat":"repeat","background-position":"center center","background-size":"auto","background-attachment":"scroll","background-type":"","background-media":"","overlay-type":"","overlay-color":"","overlay-opacity":"","overlay-gradient":""},"tablet":{"background-color":"var(--ast-global-color-5)","background-image":"","background-repeat":"repeat","background-position":"center center","background-size":"auto","background-attachment":"scroll","background-type":"","background-media":"","overlay-type":"","overlay-color":"","overlay-opacity":"","overlay-gradient":""},"mobile":{"background-color":"var(--ast-global-color-5)","background-image":"","background-repeat":"repeat","background-position":"center center","background-size":"auto","background-attachment":"scroll","background-type":"","background-media":"","overlay-type":"","overlay-color":"","overlay-opacity":"","overlay-gradient":""}},"footnotes":""},"class_list":["post-1324","page","type-page","status-publish","hentry"],"uagb_featured_image_src":{"full":false,"thumbnail":false,"medium":false,"medium_large":false,"large":false,"1536x1536":false,"2048x2048":false,"trp-custom-language-flag":false},"uagb_author_info":{"display_name":"constanza.gonzalezveliz@gmail.com","author_link":"https:\/\/constanzagonzalezveliz.com\/en\/author\/constanza-gonzalezvelizgmail-com\/"},"uagb_comment_info":0,"uagb_excerpt":"Publicaciones Blog Columnas","_links":{"self":[{"href":"https:\/\/constanzagonzalezveliz.com\/en\/wp-json\/wp\/v2\/pages\/1324","targetHints":{"allow":["GET"]}}],"collection":[{"href":"https:\/\/constanzagonzalezveliz.com\/en\/wp-json\/wp\/v2\/pages"}],"about":[{"href":"https:\/\/constanzagonzalezveliz.com\/en\/wp-json\/wp\/v2\/types\/page"}],"author":[{"embeddable":true,"href":"https:\/\/constanzagonzalezveliz.com\/en\/wp-json\/wp\/v2\/users\/1"}],"replies":[{"embeddable":true,"href":"https:\/\/constanzagonzalezveliz.com\/en\/wp-json\/wp\/v2\/comments?post=1324"}],"version-history":[{"count":48,"href":"https:\/\/constanzagonzalezveliz.com\/en\/wp-json\/wp\/v2\/pages\/1324\/revisions"}],"predecessor-version":[{"id":2809,"href":"https:\/\/constanzagonzalezveliz.com\/en\/wp-json\/wp\/v2\/pages\/1324\/revisions\/2809"}],"wp:attachment":[{"href":"https:\/\/constanzagonzalezveliz.com\/en\/wp-json\/wp\/v2\/media?parent=1324"}],"curies":[{"name":"wp","href":"https:\/\/api.w.org\/{rel}","templated":true}]}}