{"id":1326,"date":"2022-02-24T05:04:17","date_gmt":"2022-02-24T05:04:17","guid":{"rendered":"https:\/\/constanzagonzalezveliz.com\/index.php\/services\/"},"modified":"2024-12-06T19:17:17","modified_gmt":"2024-12-06T22:17:17","slug":"proyectos","status":"publish","type":"page","link":"https:\/\/constanzagonzalezveliz.com\/en\/proyectos\/","title":{"rendered":"Projects"},"content":{"rendered":"<div class=\"wp-block-uagb-container uagb-block-9ffe4238 alignfull uagb-is-root-container\"><div class=\"uagb-container-inner-blocks-wrap\">\n<div style=\"height:120px\" aria-hidden=\"true\" class=\"wp-block-spacer\"><\/div>\n<\/div><\/div>\n\n\n\n<div class=\"wp-block-uagb-container uagb-block-6e5d3c06 alignfull uagb-is-root-container\"><div class=\"uagb-container-inner-blocks-wrap\">\n<div style=\"height:50px\" aria-hidden=\"true\" class=\"wp-block-spacer\"><\/div>\n\n\n\n<div class=\"wp-block-uagb-advanced-heading uagb-block-a3d6936a\"><h2 class=\"uagb-heading-text\">Projects<\/h2><div class=\"uagb-separator\"><\/div><\/div>\n\n\n\n<div class=\"wp-block-uagb-container uagb-block-a7b7d469 alignfull uagb-is-root-container\"><div class=\"uagb-container-inner-blocks-wrap\">\n<div class=\"wp-block-uagb-container uagb-block-9a27a0d3\">\n<figure class=\"wp-block-image size-large\"><a href=\"https:\/\/sesgos.situada.online\/en\/\" target=\"_blank\" rel=\"noreferrer noopener\"><img loading=\"lazy\" decoding=\"async\" width=\"1024\" height=\"341\" src=\"https:\/\/constanzagonzalezveliz.com\/wp-content\/uploads\/2024\/09\/Gender-Biases-in-Technological-Innovation.png\" alt=\"\" class=\"wp-image-2727\" srcset=\"https:\/\/constanzagonzalezveliz.com\/wp-content\/uploads\/2024\/09\/Gender-Biases-in-Technological-Innovation.png 1500w, https:\/\/constanzagonzalezveliz.com\/wp-content\/uploads\/2024\/09\/Gender-Biases-in-Technological-Innovation-300x100.png 300w, https:\/\/constanzagonzalezveliz.com\/wp-content\/uploads\/2024\/09\/Gender-Biases-in-Technological-Innovation-1024x341.png 1024w, https:\/\/constanzagonzalezveliz.com\/wp-content\/uploads\/2024\/09\/Gender-Biases-in-Technological-Innovation-768x256.png 768w, https:\/\/constanzagonzalezveliz.com\/wp-content\/uploads\/2024\/09\/Gender-Biases-in-Technological-Innovation-18x6.png 18w\" sizes=\"auto, (max-width: 1024px) 100vw, 1024px\" \/><\/a><\/figure>\n<\/div>\n\n\n\n<div class=\"wp-block-uagb-container uagb-block-c1d71d80\">\n<figure class=\"wp-block-image size-large\"><a href=\"https:\/\/situada.online\/rompamoselcodigo\/\" target=\"_blank\" rel=\"noreferrer noopener\"><img loading=\"lazy\" decoding=\"async\" width=\"1024\" height=\"1024\" src=\"https:\/\/constanzagonzalezveliz.com\/wp-content\/uploads\/2024\/09\/Video_RompamosElCodigo-1024x1024.png\" alt=\"\" class=\"wp-image-2720\" srcset=\"https:\/\/constanzagonzalezveliz.com\/wp-content\/uploads\/2024\/09\/Video_RompamosElCodigo-1024x1024.png 1024w, https:\/\/constanzagonzalezveliz.com\/wp-content\/uploads\/2024\/09\/Video_RompamosElCodigo-300x300.png 300w, https:\/\/constanzagonzalezveliz.com\/wp-content\/uploads\/2024\/09\/Video_RompamosElCodigo-150x150.png 150w, https:\/\/constanzagonzalezveliz.com\/wp-content\/uploads\/2024\/09\/Video_RompamosElCodigo-768x768.png 768w, https:\/\/constanzagonzalezveliz.com\/wp-content\/uploads\/2024\/09\/Video_RompamosElCodigo-12x12.png 12w, https:\/\/constanzagonzalezveliz.com\/wp-content\/uploads\/2024\/09\/Video_RompamosElCodigo.png 1080w\" sizes=\"auto, (max-width: 1024px) 100vw, 1024px\" \/><\/a><\/figure>\n<\/div>\n<\/div><\/div>\n\n\n\n<div class=\"wp-block-uagb-container uagb-block-d90d9419 alignfull uagb-is-root-container\"><div class=\"uagb-container-inner-blocks-wrap\">\n<div class=\"wp-block-uagb-container uagb-block-c1de7b6b\">\n<figure class=\"wp-block-image size-large\"><a href=\"https:\/\/situada.online\/en\/\" target=\"_blank\" rel=\"noreferrer noopener\"><img loading=\"lazy\" decoding=\"async\" width=\"1024\" height=\"1024\" src=\"https:\/\/constanzagonzalezveliz.com\/wp-content\/uploads\/2023\/08\/Negro-Blanco-y-Rosa-Ultimo-Post-Feed-Instagram-1-1024x1024.png\" alt=\"\" class=\"wp-image-2084\" srcset=\"https:\/\/constanzagonzalezveliz.com\/wp-content\/uploads\/2023\/08\/Negro-Blanco-y-Rosa-Ultimo-Post-Feed-Instagram-1-1024x1024.png 1024w, https:\/\/constanzagonzalezveliz.com\/wp-content\/uploads\/2023\/08\/Negro-Blanco-y-Rosa-Ultimo-Post-Feed-Instagram-1-300x300.png 300w, https:\/\/constanzagonzalezveliz.com\/wp-content\/uploads\/2023\/08\/Negro-Blanco-y-Rosa-Ultimo-Post-Feed-Instagram-1-150x150.png 150w, https:\/\/constanzagonzalezveliz.com\/wp-content\/uploads\/2023\/08\/Negro-Blanco-y-Rosa-Ultimo-Post-Feed-Instagram-1-768x768.png 768w, https:\/\/constanzagonzalezveliz.com\/wp-content\/uploads\/2023\/08\/Negro-Blanco-y-Rosa-Ultimo-Post-Feed-Instagram-1.png 1080w\" sizes=\"auto, (max-width: 1024px) 100vw, 1024px\" \/><\/a><\/figure>\n<\/div>\n\n\n\n<div class=\"wp-block-uagb-container uagb-block-2c69e5ec\">\n<figure class=\"wp-block-image size-large\"><a href=\"https:\/\/veritas.situada.online\/en\/\" target=\"_blank\" rel=\"noreferrer noopener\"><img loading=\"lazy\" decoding=\"async\" width=\"1024\" height=\"341\" src=\"https:\/\/constanzagonzalezveliz.com\/wp-content\/uploads\/2024\/09\/VERITAS-LAC.png\" alt=\"\" class=\"wp-image-2725\" srcset=\"https:\/\/constanzagonzalezveliz.com\/wp-content\/uploads\/2024\/09\/VERITAS-LAC.png 1500w, https:\/\/constanzagonzalezveliz.com\/wp-content\/uploads\/2024\/09\/VERITAS-LAC-300x100.png 300w, https:\/\/constanzagonzalezveliz.com\/wp-content\/uploads\/2024\/09\/VERITAS-LAC-1024x341.png 1024w, https:\/\/constanzagonzalezveliz.com\/wp-content\/uploads\/2024\/09\/VERITAS-LAC-768x256.png 768w, https:\/\/constanzagonzalezveliz.com\/wp-content\/uploads\/2024\/09\/VERITAS-LAC-18x6.png 18w\" sizes=\"auto, (max-width: 1024px) 100vw, 1024px\" \/><\/a><\/figure>\n<\/div>\n\n\n\n<div class=\"wp-block-uagb-container uagb-block-39976b9d\">\n<figure class=\"wp-block-image size-large\"><a href=\"https:\/\/comunes.situada.online\/en\/\" target=\"_blank\" rel=\"noreferrer noopener\"><img loading=\"lazy\" decoding=\"async\" width=\"1024\" height=\"341\" src=\"https:\/\/constanzagonzalezveliz.com\/wp-content\/uploads\/2024\/09\/Digital-Commons.png\" alt=\"\" class=\"wp-image-2724\" srcset=\"https:\/\/constanzagonzalezveliz.com\/wp-content\/uploads\/2024\/09\/Digital-Commons.png 1500w, https:\/\/constanzagonzalezveliz.com\/wp-content\/uploads\/2024\/09\/Digital-Commons-300x100.png 300w, https:\/\/constanzagonzalezveliz.com\/wp-content\/uploads\/2024\/09\/Digital-Commons-1024x341.png 1024w, https:\/\/constanzagonzalezveliz.com\/wp-content\/uploads\/2024\/09\/Digital-Commons-768x256.png 768w, https:\/\/constanzagonzalezveliz.com\/wp-content\/uploads\/2024\/09\/Digital-Commons-18x6.png 18w\" sizes=\"auto, (max-width: 1024px) 100vw, 1024px\" \/><\/a><\/figure>\n<\/div>\n\n\n\n<div class=\"wp-block-uagb-container uagb-block-b250e0f7\">\n<figure class=\"wp-block-image size-full\"><a href=\"https:\/\/movimientosfeministas.com\/\" target=\"_blank\" rel=\"noreferrer noopener\"><img loading=\"lazy\" decoding=\"async\" width=\"769\" height=\"787\" src=\"https:\/\/constanzagonzalezveliz.com\/wp-content\/uploads\/2023\/05\/OALAC-Pagina-e1710647444449.png\" alt=\"Observatorio de Movimientos Feministas en ALAC\" class=\"wp-image-1855\" srcset=\"https:\/\/constanzagonzalezveliz.com\/wp-content\/uploads\/2023\/05\/OALAC-Pagina-e1710647444449.png 769w, https:\/\/constanzagonzalezveliz.com\/wp-content\/uploads\/2023\/05\/OALAC-Pagina-e1710647444449-293x300.png 293w, https:\/\/constanzagonzalezveliz.com\/wp-content\/uploads\/2023\/05\/OALAC-Pagina-e1710647444449-12x12.png 12w\" sizes=\"auto, (max-width: 769px) 100vw, 769px\" \/><\/a><\/figure>\n<\/div>\n<\/div><\/div>\n\n\n\n<div style=\"height:50px\" aria-hidden=\"true\" class=\"wp-block-spacer\"><\/div>\n<\/div><\/div>\n\n\n\n<div class=\"wp-block-uagb-container uagb-block-277830c5 alignfull uagb-is-root-container\"><div class=\"uagb-container-inner-blocks-wrap\">\n<div style=\"height:100px\" aria-hidden=\"true\" class=\"wp-block-spacer\"><\/div>\n\n\n\n<div class=\"wp-block-uagb-advanced-heading uagb-block-180f3a46\"><h2 class=\"uagb-heading-text\">Participations<\/h2><div class=\"uagb-separator\"><\/div><\/div>\n\n\n\n<div class=\"wp-block-uagb-container uagb-block-6ebb034b\">\n<div class=\"wp-block-uagb-image uagb-block-219b3205 wp-block-uagb-image--layout-default wp-block-uagb-image--effect-static wp-block-uagb-image--align-none uag-hide-desktop uag-hide-tab uag-hide-mob\"><figure class=\"wp-block-uagb-image__figure\"><img decoding=\"async\" srcset=\"https:\/\/constanzagonzalezveliz.com\/wp-content\/uploads\/2024\/07\/TakeBakeTech-Chicago-US-2024.-Situada.Online-1024x636.jpg ,https:\/\/constanzagonzalezveliz.com\/wp-content\/uploads\/2024\/07\/TakeBakeTech-Chicago-US-2024.-Situada.Online.jpg 780w, https:\/\/constanzagonzalezveliz.com\/wp-content\/uploads\/2024\/07\/TakeBakeTech-Chicago-US-2024.-Situada.Online.jpg 360w\" sizes=\"auto, (max-width: 480px) 150px\" src=\"https:\/\/constanzagonzalezveliz.com\/wp-content\/uploads\/2024\/07\/TakeBakeTech-Chicago-US-2024.-Situada.Online-1024x636.jpg\" alt=\"\" class=\"uag-image-2579\" width=\"623\" height=\"387\" title=\"TakeBakeTech-Chicago-US-2024.-Situada.Online\" loading=\"lazy\" role=\"img\"\/><\/figure><\/div>\n\n\n\n<div class=\"wp-block-uagb-advanced-heading uagb-block-81488b08 uag-hide-desktop uag-hide-tab uag-hide-mob\"><h2 class=\"uagb-heading-text\"><strong>#TakeBackTech<\/strong>, Chicago, US. 2024<\/h2><\/div>\n<\/div>\n\n\n\n<div class=\"wp-block-uagb-container uagb-block-99d6ff41 alignfull uagb-is-root-container\"><div class=\"uagb-container-inner-blocks-wrap\">\n<div class=\"wp-block-uagb-advanced-heading uagb-block-baa0a71f\"><h2 class=\"uagb-heading-text\"><strong>Reimagining Technology from a Situated Perspective<\/strong><\/h2><\/div>\n\n\n\n<div class=\"wp-block-uagb-advanced-heading uagb-block-b971dcca\"><h2 class=\"uagb-heading-text\">A series of sessions exploring how to understand and transform technology through a Latin American and feminist lens. As part of the <a href=\"https:\/\/situada.online\/rompamoselcodigo\/\" data-type=\"link\" data-id=\"https:\/\/situada.online\/rompamoselcodigo\/\" target=\"_blank\" rel=\"noreferrer noopener\">#RompamosElCodigo<\/a>campaign, these videos delve into the intersection of technology, gender, and social justice, questioning and redefining how digital tools can be designed and used to promote equality and inclusion. <\/h2><\/div>\n\n\n\n<div class=\"wp-block-uagb-container uagb-block-115127b2 alignfull uagb-is-root-container\"><div class=\"uagb-container-inner-blocks-wrap\">\n<div class=\"wp-block-uagb-container uagb-block-995032bf\">\n<figure class=\"wp-block-embed is-type-video is-provider-youtube wp-block-embed-youtube wp-embed-aspect-16-9 wp-has-aspect-ratio\"><div class=\"wp-block-embed__wrapper\">\n<div class=\"ast-oembed-container\" style=\"height: 100%;\"><iframe loading=\"lazy\" title=\"Violencia Digital de G\u00e9nero: Desigualdades, Impacto y Respuestas | Constanza Gonz\u00e1lez-V\u00e9liz\" width=\"500\" height=\"281\" src=\"https:\/\/www.youtube.com\/embed\/bYog5_Jepjs?feature=oembed\" frameborder=\"0\" allow=\"accelerometer; autoplay; clipboard-write; encrypted-media; gyroscope; picture-in-picture; web-share\" referrerpolicy=\"strict-origin-when-cross-origin\" allowfullscreen><\/iframe><\/div>\n<\/div><figcaption class=\"wp-element-caption\">Violencia digital de g\u00e9nero<\/figcaption><\/figure>\n<\/div>\n\n\n\n<div class=\"wp-block-uagb-container uagb-block-14a1689b\">\n<figure class=\"wp-block-embed is-type-video is-provider-youtube wp-block-embed-youtube wp-embed-aspect-16-9 wp-has-aspect-ratio\"><div class=\"wp-block-embed__wrapper\">\n<div class=\"ast-oembed-container\" style=\"height: 100%;\"><iframe loading=\"lazy\" title=\"Sesgos de G\u00e9nero en la Tecnolog\u00eda | Constanza Gonz\u00e1lez-V\u00e9liz\" width=\"500\" height=\"281\" src=\"https:\/\/www.youtube.com\/embed\/7IG9GH9zLGM?feature=oembed\" frameborder=\"0\" allow=\"accelerometer; autoplay; clipboard-write; encrypted-media; gyroscope; picture-in-picture; web-share\" referrerpolicy=\"strict-origin-when-cross-origin\" allowfullscreen><\/iframe><\/div>\n<\/div><figcaption class=\"wp-element-caption\">Sesgos de g\u00e9nero en la tecnolog\u00eda<\/figcaption><\/figure>\n<\/div>\n\n\n\n<div class=\"wp-block-uagb-container uagb-block-0243443d\">\n<figure class=\"wp-block-embed is-type-video is-provider-youtube wp-block-embed-youtube wp-embed-aspect-16-9 wp-has-aspect-ratio\"><div class=\"wp-block-embed__wrapper\">\n<div class=\"ast-oembed-container\" style=\"height: 100%;\"><iframe loading=\"lazy\" title=\"Impacto Psicol\u00f3gico y Social de la Violencia Digital de G\u00e9nero | Constanza Gonz\u00e1lez-V\u00e9liz\" width=\"500\" height=\"281\" src=\"https:\/\/www.youtube.com\/embed\/ER9-4xDrEEg?feature=oembed\" frameborder=\"0\" allow=\"accelerometer; autoplay; clipboard-write; encrypted-media; gyroscope; picture-in-picture; web-share\" referrerpolicy=\"strict-origin-when-cross-origin\" allowfullscreen><\/iframe><\/div>\n<\/div><figcaption class=\"wp-element-caption\">Imp\u00e1cto psicol\u00f3gico y social de la VDG<\/figcaption><\/figure>\n<\/div>\n\n\n\n<div class=\"wp-block-uagb-container uagb-block-e393ed99\">\n<figure class=\"wp-block-embed is-type-video is-provider-youtube wp-block-embed-youtube wp-embed-aspect-16-9 wp-has-aspect-ratio\"><div class=\"wp-block-embed__wrapper\">\n<div class=\"ast-oembed-container\" style=\"height: 100%;\"><iframe loading=\"lazy\" title=\"Marco legal y respuestas a la Violencia Digital de G\u00e9nero en ALAC | Constanza Gonz\u00e1lez-V\u00e9liz\" width=\"500\" height=\"281\" src=\"https:\/\/www.youtube.com\/embed\/yxqk7nb1lrE?feature=oembed\" frameborder=\"0\" allow=\"accelerometer; autoplay; clipboard-write; encrypted-media; gyroscope; picture-in-picture; web-share\" referrerpolicy=\"strict-origin-when-cross-origin\" allowfullscreen><\/iframe><\/div>\n<\/div><figcaption class=\"wp-element-caption\">Marco legal y respuestas a la VDG<\/figcaption><\/figure>\n<\/div>\n\n\n\n<div class=\"wp-block-uagb-container uagb-block-23b44972\">\n<figure class=\"wp-block-embed is-type-video is-provider-youtube wp-block-embed-youtube wp-embed-aspect-16-9 wp-has-aspect-ratio\"><div class=\"wp-block-embed__wrapper\">\n<div class=\"ast-oembed-container\" style=\"height: 100%;\"><iframe loading=\"lazy\" title=\"Movimientos sociales y digitalizaci\u00f3n en ALAC | Constanza Gonz\u00e1lez-V\u00e9liz\" width=\"500\" height=\"281\" src=\"https:\/\/www.youtube.com\/embed\/7dcz3CiLkyY?feature=oembed\" frameborder=\"0\" allow=\"accelerometer; autoplay; clipboard-write; encrypted-media; gyroscope; picture-in-picture; web-share\" referrerpolicy=\"strict-origin-when-cross-origin\" allowfullscreen><\/iframe><\/div>\n<\/div><figcaption class=\"wp-element-caption\">Movimientos sociales y digitalizaci\u00f3n en ALAC<\/figcaption><\/figure>\n<\/div>\n\n\n\n<div class=\"wp-block-uagb-container uagb-block-ae2a6a7f\">\n<figure class=\"wp-block-embed is-type-video is-provider-youtube wp-block-embed-youtube wp-embed-aspect-16-9 wp-has-aspect-ratio\"><div class=\"wp-block-embed__wrapper\">\n<div class=\"ast-oembed-container\" style=\"height: 100%;\"><iframe loading=\"lazy\" title=\"Derechos Fundamentales en el Espacio Digital | Constanza Gonz\u00e1lez-V\u00e9liz\" width=\"500\" height=\"281\" src=\"https:\/\/www.youtube.com\/embed\/VhlIJhUn1Yo?feature=oembed\" frameborder=\"0\" allow=\"accelerometer; autoplay; clipboard-write; encrypted-media; gyroscope; picture-in-picture; web-share\" referrerpolicy=\"strict-origin-when-cross-origin\" allowfullscreen><\/iframe><\/div>\n<\/div><figcaption class=\"wp-element-caption\">Derechos Fundamentales en el Espacio Digital<\/figcaption><\/figure>\n<\/div>\n<\/div><\/div>\n<\/div><\/div>\n\n\n\n<div class=\"wp-block-uagb-separator uagb-block-b3679110\"><div class=\"uagb-separator-spacing-wrapper\"><div class=\"wp-block-uagb-separator__inner\" style=\"--my-background-image:\"><\/div><\/div><\/div>\n\n\n\n<div class=\"wp-block-uagb-container uagb-block-db472a0b alignfull uagb-is-root-container\"><div class=\"uagb-container-inner-blocks-wrap\">\n<div class=\"wp-block-uagb-container uagb-block-e9f69f0a\">\n<figure class=\"wp-block-embed is-type-video is-provider-youtube wp-block-embed-youtube wp-embed-aspect-16-9 wp-has-aspect-ratio\"><div class=\"wp-block-embed__wrapper\">\n<div class=\"ast-oembed-container\" style=\"height: 100%;\"><iframe loading=\"lazy\" title=\"Mujeres y Tecnolog\u00eda: Sesgos, Perspectivas Feministas y Desaf\u00edos | Constanza Gonz\u00e1lez-V\u00e9liz\" width=\"500\" height=\"281\" src=\"https:\/\/www.youtube.com\/embed\/BqSuoWMHTiU?feature=oembed\" frameborder=\"0\" allow=\"accelerometer; autoplay; clipboard-write; encrypted-media; gyroscope; picture-in-picture; web-share\" referrerpolicy=\"strict-origin-when-cross-origin\" allowfullscreen><\/iframe><\/div>\n<\/div><figcaption class=\"wp-element-caption\">Presentation delivered at the IV International Congress \u201cTecnolog\u00edas I+D+i para la igualdad: Soluciones, perspectivas y retos\u201d at Carlos III University of Madrid, Spain. Held on April 16th, 2024.<br><br><em><strong>\"Women and Technology: Biases, Perspectives, and Challenges in the Digital Society\"<\/strong><\/em><\/figcaption><\/figure>\n<\/div>\n\n\n\n<div class=\"wp-block-uagb-container uagb-block-32c446e0\">\n<figure class=\"wp-block-embed is-type-video is-provider-youtube wp-block-embed-youtube wp-embed-aspect-16-9 wp-has-aspect-ratio\"><div class=\"wp-block-embed__wrapper\">\n<div class=\"ast-oembed-container\" style=\"height: 100%;\"><iframe loading=\"lazy\" title=\"CHARLA: &quot;Conversemos sobre el proyecto de Nueva Constituci\u00f3n&quot;\" width=\"500\" height=\"281\" src=\"https:\/\/www.youtube.com\/embed\/-PpAMHiu1s4?start=1259&#038;feature=oembed\" frameborder=\"0\" allow=\"accelerometer; autoplay; clipboard-write; encrypted-media; gyroscope; picture-in-picture; web-share\" referrerpolicy=\"strict-origin-when-cross-origin\" allowfullscreen><\/iframe><\/div>\n<\/div><figcaption class=\"wp-element-caption\">Participation in Talk: \u00abConversemos sobre el proyecto de Nueva Constituci\u00f3n\u00bb at the Catholic University of the North, Chile. Held on September 1st, 2022.<br><br><strong><em>\"Digital rights in the New Constitution Proposa\"<\/em><\/strong>  <br><em>(Min 21:00)<\/em><\/figcaption><\/figure>\n<\/div>\n<\/div><\/div>\n\n\n\n<div class=\"wp-block-uagb-separator uagb-block-b0522874 uag-hide-desktop uag-hide-tab uag-hide-mob\"><div class=\"uagb-separator-spacing-wrapper\"><div class=\"wp-block-uagb-separator__inner\" style=\"--my-background-image:\"><\/div><\/div><\/div>\n\n\n\n<div class=\"wp-block-uagb-container uag-hide-desktop uag-hide-tab uag-hide-mob uagb-block-243a27fa alignfull uagb-is-root-container\"><div class=\"uagb-container-inner-blocks-wrap\">\n<div class=\"wp-block-uagb-container uagb-block-490cb884\">\n<div class=\"wp-block-uagb-advanced-heading uagb-block-29707916\"><h2 class=\"uagb-heading-text\"><strong>Video-Podcast&nbsp;<em>We are fine<\/em><\/strong><br><br>Former advisors to the Constitutional Convention who share their reflections in a podcast days before the referendum.<\/h2><\/div>\n<\/div>\n\n\n\n<div class=\"wp-block-uagb-container uagb-block-3eaff512\">\n<figure class=\"wp-block-embed is-type-video is-provider-youtube wp-block-embed-youtube wp-embed-aspect-16-9 wp-has-aspect-ratio\"><div class=\"wp-block-embed__wrapper\">\nhttps:\/\/www.youtube.com\/watch?v=75vVAAUxinA\n<\/div><figcaption class=\"wp-element-caption\">Chapter 1. Digital Rights - Part 1.<\/figcaption><\/figure>\n\n\n\n<figure class=\"wp-block-embed is-type-video is-provider-youtube wp-block-embed-youtube wp-embed-aspect-16-9 wp-has-aspect-ratio\"><div class=\"wp-block-embed__wrapper\">\nhttps:\/\/www.youtube.com\/watch?v=9re2RtR0KRM\n<\/div><figcaption class=\"wp-element-caption\">Chapter 3. Right to Knowledge.<\/figcaption><\/figure>\n<\/div>\n\n\n\n<div class=\"wp-block-uagb-container uagb-block-e0c92b23\">\n<figure class=\"wp-block-embed is-type-video is-provider-youtube wp-block-embed-youtube wp-embed-aspect-16-9 wp-has-aspect-ratio\"><div class=\"wp-block-embed__wrapper\">\nhttps:\/\/www.youtube.com\/watch?v=S88zZ0elKMo\n<\/div><figcaption class=\"wp-element-caption\">Chapter 2. Digital Rights - Part 2.<\/figcaption><\/figure>\n\n\n\n<figure class=\"wp-block-embed is-type-video is-provider-youtube wp-block-embed-youtube wp-embed-aspect-16-9 wp-has-aspect-ratio\"><div class=\"wp-block-embed__wrapper\">\nhttps:\/\/www.youtube.com\/watch?v=l06cJC-uV8A\n<\/div><figcaption class=\"wp-element-caption\">Chapter 4. Freedom of Research.<\/figcaption><\/figure>\n<\/div>\n<\/div><\/div>\n\n\n\n<div class=\"wp-block-uagb-separator uagb-block-2b382266\"><div class=\"uagb-separator-spacing-wrapper\"><div class=\"wp-block-uagb-separator__inner\" style=\"--my-background-image:\"><\/div><\/div><\/div>\n<\/div><\/div>","protected":false},"excerpt":{"rendered":"<p>Proyectos Participaciones #TakeBackTech, Chicago, US. 2024 Reimaginando la tecnolog\u00eda desde una perspectiva&nbsp;Situada Una serie de sesiones que exploran c\u00f3mo entender y transformar la tecnolog\u00eda desde un enfoque latinoamericano y feminista. En el marco de la campa\u00f1a #RompamosElCodigo, estos videos se sumergen en la intersecci\u00f3n de la tecnolog\u00eda, el g\u00e9nero y la justicia social, cuestionando y [&hellip;]<\/p>","protected":false},"author":1,"featured_media":0,"parent":0,"menu_order":0,"comment_status":"closed","ping_status":"closed","template":"","meta":{"_uag_custom_page_level_css":"","site-sidebar-layout":"no-sidebar","site-content-layout":"page-builder","ast-site-content-layout":"full-width-container","site-content-style":"unboxed","site-sidebar-style":"unboxed","ast-global-header-display":"","ast-banner-title-visibility":"","ast-main-header-display":"","ast-hfb-above-header-display":"","ast-hfb-below-header-display":"","ast-hfb-mobile-header-display":"","site-post-title":"disabled","ast-breadcrumbs-content":"","ast-featured-img":"disabled","footer-sml-layout":"","theme-transparent-header-meta":"enabled","adv-header-id-meta":"","stick-header-meta":"","header-above-stick-meta":"","header-main-stick-meta":"","header-below-stick-meta":"","astra-migrate-meta-layouts":"set","ast-page-background-enabled":"default","ast-page-background-meta":{"desktop":{"background-color":"var(--ast-global-color-4)","background-image":"","background-repeat":"repeat","background-position":"center center","background-size":"auto","background-attachment":"scroll","background-type":"","background-media":"","overlay-type":"","overlay-color":"","overlay-opacity":"","overlay-gradient":""},"tablet":{"background-color":"","background-image":"","background-repeat":"repeat","background-position":"center center","background-size":"auto","background-attachment":"scroll","background-type":"","background-media":"","overlay-type":"","overlay-color":"","overlay-opacity":"","overlay-gradient":""},"mobile":{"background-color":"","background-image":"","background-repeat":"repeat","background-position":"center center","background-size":"auto","background-attachment":"scroll","background-type":"","background-media":"","overlay-type":"","overlay-color":"","overlay-opacity":"","overlay-gradient":""}},"ast-content-background-meta":{"desktop":{"background-color":"var(--ast-global-color-5)","background-image":"","background-repeat":"repeat","background-position":"center center","background-size":"auto","background-attachment":"scroll","background-type":"","background-media":"","overlay-type":"","overlay-color":"","overlay-opacity":"","overlay-gradient":""},"tablet":{"background-color":"var(--ast-global-color-5)","background-image":"","background-repeat":"repeat","background-position":"center center","background-size":"auto","background-attachment":"scroll","background-type":"","background-media":"","overlay-type":"","overlay-color":"","overlay-opacity":"","overlay-gradient":""},"mobile":{"background-color":"var(--ast-global-color-5)","background-image":"","background-repeat":"repeat","background-position":"center center","background-size":"auto","background-attachment":"scroll","background-type":"","background-media":"","overlay-type":"","overlay-color":"","overlay-opacity":"","overlay-gradient":""}},"footnotes":""},"class_list":["post-1326","page","type-page","status-publish","hentry"],"uagb_featured_image_src":{"full":false,"thumbnail":false,"medium":false,"medium_large":false,"large":false,"1536x1536":false,"2048x2048":false,"trp-custom-language-flag":false},"uagb_author_info":{"display_name":"constanza.gonzalezveliz@gmail.com","author_link":"https:\/\/constanzagonzalezveliz.com\/en\/author\/constanza-gonzalezvelizgmail-com\/"},"uagb_comment_info":0,"uagb_excerpt":"Proyectos Participaciones #TakeBackTech, Chicago, US. 2024 Reimaginando la tecnolog\u00eda desde una perspectiva&nbsp;Situada Una serie de sesiones que exploran c\u00f3mo entender y transformar la tecnolog\u00eda desde un enfoque latinoamericano y feminista. En el marco de la campa\u00f1a #RompamosElCodigo, estos videos se sumergen en la intersecci\u00f3n de la tecnolog\u00eda, el g\u00e9nero y la justicia social, cuestionando y&hellip;","_links":{"self":[{"href":"https:\/\/constanzagonzalezveliz.com\/en\/wp-json\/wp\/v2\/pages\/1326","targetHints":{"allow":["GET"]}}],"collection":[{"href":"https:\/\/constanzagonzalezveliz.com\/en\/wp-json\/wp\/v2\/pages"}],"about":[{"href":"https:\/\/constanzagonzalezveliz.com\/en\/wp-json\/wp\/v2\/types\/page"}],"author":[{"embeddable":true,"href":"https:\/\/constanzagonzalezveliz.com\/en\/wp-json\/wp\/v2\/users\/1"}],"replies":[{"embeddable":true,"href":"https:\/\/constanzagonzalezveliz.com\/en\/wp-json\/wp\/v2\/comments?post=1326"}],"version-history":[{"count":128,"href":"https:\/\/constanzagonzalezveliz.com\/en\/wp-json\/wp\/v2\/pages\/1326\/revisions"}],"predecessor-version":[{"id":2805,"href":"https:\/\/constanzagonzalezveliz.com\/en\/wp-json\/wp\/v2\/pages\/1326\/revisions\/2805"}],"wp:attachment":[{"href":"https:\/\/constanzagonzalezveliz.com\/en\/wp-json\/wp\/v2\/media?parent=1326"}],"curies":[{"name":"wp","href":"https:\/\/api.w.org\/{rel}","templated":true}]}}